{"id":487,"date":"2023-09-20T23:51:12","date_gmt":"2023-09-20T21:51:12","guid":{"rendered":"https:\/\/www.memorypetpoint.com\/?post_type=product&#038;p=487"},"modified":"2025-10-13T17:03:13","modified_gmt":"2025-10-13T15:03:13","slug":"pet3","status":"publish","type":"product","link":"https:\/\/www.memorypetpoint.com\/en\/service\/pet3\/","title":{"rendered":"Zv\u00ed\u0159e 0-2 kg"},"content":{"rendered":"<p>Po proveden\u00ed platby, v\u00e1m p\u0159ijde SMS s PIN k\u00f3dem, kter\u00fd je platn\u00fd 48 hodin. B\u011bhem t\u00e9to doby je t\u0159eba p\u0159iv\u00e9zt a ulo\u017eit zv\u00ed\u0159\u00e1tko. PIN k\u00f3d zad\u00e1te na kl\u00e1vesnici vedle vstupn\u00edch dve\u0159\u00ed do Memory Pet Pointu. Dal\u0161\u00ed podrobn\u00fd postup naleznete <a href=\"https:\/\/www.memorypetpoint.com\/navod\/\">zde.<\/a><\/p>\n<p>N\u00e1sleduj\u00edc\u00ed pracovn\u00ed den, po ulo\u017een\u00ed zv\u00ed\u0159\u00e1tka, v\u00e1s bude kontaktovat n\u00e1\u0161 pracovn\u00edk a probere s v\u00e1mi dal\u0161\u00ed podrobnosti slu\u017eby, nab\u00eddku produkt\u016f a dal\u0161\u00ed n\u00e1le\u017eitosti.<\/p>\n<p>V p\u0159\u00edpad\u011b dal\u0161\u00edch dotaz\u016f pros\u00edm kdykoliv kontaktujte NONSTOP asisten\u010dn\u00ed linku provozovatele v\u00e1mi vybran\u00e9ho <a href=\"https:\/\/www.memorypetpoint.com\/mista\/\" target=\"_blank\" rel=\"noopener\">Memory Pet Pointu &#8211; ZDE<\/a><\/p>\n","protected":false},"excerpt":{"rendered":"<p>Celkov\u00e1 cena v\u010d. DPH obsahuje kremaci <strong>1.990 K\u010d<\/strong> plus ulo\u017een\u00ed zv\u00ed\u0159ete a vak <strong>500 K\u010d<\/strong>.<\/p>\n<p data-line-height=\"xs\"><span data-text-color=\"primary\"><strong>Slu\u017eby ZDARMA:<\/strong><\/span><\/p>\n<ul>\n<li class=\"bullet-checkmark\">P\u0159evoz do krematoria<\/li>\n<li class=\"bullet-checkmark\">Z\u00e1kladn\u00ed plastov\u00e1 urna<\/li>\n<li class=\"bullet-checkmark\">Non-stop p\u0159\u00edstup do MPP<\/li>\n<li class=\"bullet-checkmark\">Doru\u010den\u00ed urny do MPP<\/li>\n<\/ul>\n<p><strong>Nyn\u00ed prove\u010fte v\u00fdb\u011br Memory Pet Pointu.<\/strong><br \/>\nPokud nen\u00ed v Memory Pet Pointu voln\u00e1 kapacita ve v\u00e1mi po\u017eadovan\u00e9 v\u00e1hov\u00e9 kategorii, kontaktujte pros\u00edm NONSTOP asisten\u010dn\u00ed slu\u017ebu <strong><span class=\"hotline\"><\/span><\/strong> a pokus\u00edme se spole\u010dn\u011b naj\u00edt alternativn\u00ed \u0159e\u0161en\u00ed.<br \/>\n<small class='hot-info'>\u010c\u00edslo asisten\u010dn\u00ed slu\u017eby se zobraz\u00ed po v\u00fdb\u011bru Pet Pointu<\/small><\/p>\n<p>Po v\u00fdb\u011bru m\u00edsta a vypln\u011bn\u00ed povinn\u00fdch \u00fadaj\u016f dojde k nez\u00e1vazn\u00e9 rezervaci voln\u00e9 kapacity do doby dokon\u010den\u00ed z\u00e1vazn\u00e9 objedn\u00e1vky s platbou.<\/p>\n","protected":false},"featured_media":491,"template":"","meta":[],"product_cat":[22],"product_tag":[],"_links":{"self":[{"href":"https:\/\/www.memorypetpoint.com\/en\/wp-json\/wp\/v2\/product\/487"}],"collection":[{"href":"https:\/\/www.memorypetpoint.com\/en\/wp-json\/wp\/v2\/product"}],"about":[{"href":"https:\/\/www.memorypetpoint.com\/en\/wp-json\/wp\/v2\/types\/product"}],"wp:featuredmedia":[{"embeddable":true,"href":"https:\/\/www.memorypetpoint.com\/en\/wp-json\/wp\/v2\/media\/491"}],"wp:attachment":[{"href":"https:\/\/www.memorypetpoint.com\/en\/wp-json\/wp\/v2\/media?parent=487"}],"wp:term":[{"taxonomy":"product_cat","embeddable":true,"href":"https:\/\/www.memorypetpoint.com\/en\/wp-json\/wp\/v2\/product_cat?post=487"},{"taxonomy":"product_tag","embeddable":true,"href":"https:\/\/www.memorypetpoint.com\/en\/wp-json\/wp\/v2\/product_tag?post=487"}],"curies":[{"name":"wp","href":"https:\/\/api.w.org\/{rel}","templated":true}]}}