{"id":2551,"date":"2022-08-08T13:38:30","date_gmt":"2022-08-08T11:38:30","guid":{"rendered":"https:\/\/www.memorypetpoint.com\/?page_id=2551"},"modified":"2025-09-01T10:36:03","modified_gmt":"2025-09-01T08:36:03","slug":"about-us","status":"publish","type":"page","link":"https:\/\/www.memorypetpoint.com\/en\/about-us\/","title":{"rendered":"About Us"},"content":{"rendered":"\t<section class=\"section hide-for-small\" id=\"section_367425452\">\n\t\t<div class=\"bg section-bg fill bg-fill bg-loaded\" >\n\n\t\t\t\n\t\t\t<button class=\"scroll-for-more z-5 icon absolute bottom h-center\" aria-label=\"Scroll for more\"><i class=\"icon-angle-down\" style=\"font-size:42px;\" ><\/i><\/button>\n\t\t\t\n\n\t\t<\/div>\n\n\t\t\n\n\t\t<div class=\"section-content relative\">\n\t\t\t\n\t<div id=\"gap-1845045241\" class=\"gap-element clearfix hide-for-small\" style=\"display:block; height:auto;\">\n\t\t\n<style>\n#gap-1845045241{\n padding-top:30px;\n}\n<\/style>\n\t<\/div>\n\t\n\t\t<\/div>\n\n\t\t\n<style>\n#section_367425452{\n padding-top:30px;\n padding-bottom:30px;\n margin-bottom:0px;\n min-height:0px;\n}\n@media (min-width:850px){\n #section_367425452{\n padding-top:0px;\n padding-bottom:0px;\n}\n}\n<\/style>\n\t<\/section>\n\t\n\t<section class=\"section\" id=\"section_1324526649\">\n\t\t<div class=\"bg section-bg fill bg-fill bg-loaded\" >\n\n\t\t\t\n\t\t\t\n\t\t\t\n\n\t\t<\/div>\n\n\t\t\n\n\t\t<div class=\"section-content relative\">\n\t\t\t\n<div class=\"row\" id=\"row-1317130725\">\n\n\t<div id=\"col-608054060\" class=\"col medium-8 small-12 large-8\" >\n\t\t\t\t<div class=\"col-inner\" >\n\t\t\t\n\t\t\t\n<h3>O n\u00e1s<\/h3>\n<p>S\u00ed\u0165 Memory Pet Point provozuje spole\u010dnost Memory Servis s.r.o., kter\u00e1 ji\u017e 8 let provozuje slu\u017ebu Krematoria zv\u00ed\u0159at \u010cesk\u00e1 L\u00edpa. Za tuto dobu jsme pomohli v\u00edce ne\u017e 6000 chovatel\u016fm s d\u016fstojn\u00fdm rozlou\u010den\u00edm a uchov\u00e1n\u00edm vzpom\u00ednek na zv\u00ed\u0159ec\u00ed p\u0159\u00e1tele.<\/p>\n<p>Proto\u017ee v\u00edme, jak\u00e9 starosti, stres i n\u00e1klady V\u00e1m p\u0159in\u00e1\u0161\u00ed odchod zv\u00ed\u0159ec\u00edho \u010dlena rodiny, vytvo\u0159ili jsme novou slu\u017ebu, jej\u00edm\u017e c\u00edlem je maxim\u00e1ln\u00ed zjednodu\u0161en\u00ed tohoto obdob\u00ed. Slu\u017eba Memory Pet Point je p\u0159\u00edstupn\u00e1 24 hodin denn\u011b, 7 dn\u016f v\u00a0t\u00fddnu, a to bez navy\u0161ov\u00e1n\u00ed n\u00e1klad\u016f na kremaci. D\u00edky patentovan\u00e9mu \u0159e\u0161en\u00ed Memory Pet Point se sna\u017e\u00edme zp\u0159\u00edstupnit d\u016fstojn\u00e9 rozlou\u010den\u00ed se zem\u0159el\u00fdm mazl\u00ed\u010dkem a slu\u017ebu zv\u00ed\u0159ec\u00ed kremace co nejv\u011bt\u0161\u00edmu po\u010dtu chovatel\u016f.<\/p>\n<p>Zv\u00ed\u0159ec\u00ed urny, Pam\u00e1te\u010dn\u00ed sklo a dal\u0161\u00ed pietn\u00ed produkty zaji\u0161\u0165uje sestersk\u00e1 spole\u010dnost Memory Crystal s.r.o., kter\u00e1 je v\u00fdznamn\u00fdm v\u00fdrobcem a import\u00e9rem pietn\u00edch p\u0159edm\u011bt\u016f s v\u00edce jak 20-ti letou tradic\u00ed a \u00a0p\u016fsobnosti v cel\u00e9 Evrop\u011b.<\/p>\n<p>Memory Servis s.r.o., Dubice 32, 470 01 \u010cesk\u00e1 L\u00edpa, I\u010c: 09245057, DI\u010c: CZ09245057<br \/>\n<a href=\"https:\/\/www.memorypetpoint.com\/vseobecne-obchodni-podminky\/\">V\u0161eobecn\u00e9 obchodn\u00ed podm\u00ednky<\/a>\u00a0 <a href=\"https:\/\/www.memorypetpoint.com\/ochrana-osobnich-udaju\/\">Ochrana a zpracov\u00e1n\u00ed osobn\u00edch \u00fadaj\u016f<\/a><\/p>\n<p>e-mail: info@memorypetpoint.com<br \/>\n<strong>NONSTOP linka: <a href=\"callto:+420481012204\">481 012 204<\/a><br \/>\n<\/strong><\/p>\n\t\t<\/div>\n\t\t\t\t\t<\/div>\n\n\t\n\n\t<div id=\"col-1020083207\" class=\"col medium-4 small-12 large-4 small-col-first\" >\n\t\t\t\t<div class=\"col-inner\" >\n\t\t\t\n\t\t\t\n\t<div class=\"img has-hover x md-x lg-x y md-y lg-y\" id=\"image_1276095191\">\n\t\t\t\t\t\t\t\t<div class=\"img-inner dark\" >\n\t\t\t<img loading=\"lazy\" decoding=\"async\" width=\"870\" height=\"768\" src=\"https:\/\/www.memorypetpoint.com\/wp-content\/uploads\/image2-870x768.jpg\" class=\"attachment-large size-large\" alt=\"\" srcset=\"https:\/\/www.memorypetpoint.com\/wp-content\/uploads\/image2-870x768.jpg 870w, https:\/\/www.memorypetpoint.com\/wp-content\/uploads\/image2-510x450.jpg 510w, https:\/\/www.memorypetpoint.com\/wp-content\/uploads\/image2-600x529.jpg 600w, https:\/\/www.memorypetpoint.com\/wp-content\/uploads\/image2-768x678.jpg 768w, https:\/\/www.memorypetpoint.com\/wp-content\/uploads\/image2.jpg 1224w\" sizes=\"(max-width: 870px) 100vw, 870px\" \/>\t\t\t\t\t\t\n\t\t\t\t\t<\/div>\n\t\t\t\t\t\t\t\t\n<style>\n#image_1276095191{\n width:100%;\n}\n<\/style>\n\t<\/div>\n\t\n\t\t<\/div>\n\t\t\t\t\t<\/div>\n\n\t\n<\/div>\n<span class=\"scroll-to\" data-label=\"Scroll to: #firma-roku\" data-bullet=\"false\" data-link=\"#firma-roku\" data-title=\"Change this\" ><a name=\"firma-roku\"><\/a><\/span>\n<div class=\"row\" id=\"row-307298377\">\n\n\t<div id=\"col-1158722423\" class=\"col medium-4 small-12 large-4\" >\n\t\t\t\t<div class=\"col-inner\" >\n\t\t\t\n\t\t\t\n\t<div class=\"img has-hover x md-x lg-x y md-y lg-y\" id=\"image_961057319\">\n\t\t<a class=\"\" href=\"https:\/\/www.firmaroku.cz\/vysledky-2024\" target=\"_blank\" rel=\"noopener\" >\t\t\t\t\t\t<div class=\"img-inner dark\" >\n\t\t\t<img loading=\"lazy\" decoding=\"async\" width=\"480\" height=\"480\" src=\"https:\/\/www.memorypetpoint.com\/wp-content\/uploads\/fr-some-1200x1200-fb-krajsti-finaliste.png\" class=\"attachment-large size-large\" alt=\"\" srcset=\"https:\/\/www.memorypetpoint.com\/wp-content\/uploads\/fr-some-1200x1200-fb-krajsti-finaliste.png 480w, https:\/\/www.memorypetpoint.com\/wp-content\/uploads\/fr-some-1200x1200-fb-krajsti-finaliste-300x300.png 300w, https:\/\/www.memorypetpoint.com\/wp-content\/uploads\/fr-some-1200x1200-fb-krajsti-finaliste-100x100.png 100w\" sizes=\"(max-width: 480px) 100vw, 480px\" \/>\t\t\t\t\t\t\n\t\t\t\t\t<\/div>\n\t\t\t\t\t\t<\/a>\t\t\n<style>\n#image_961057319{\n width:100%;\n}\n<\/style>\n\t<\/div>\n\t\n\t\t<\/div>\n\t\t\t\t\t<\/div>\n\n\t\n\n\t<div id=\"col-1258517889\" class=\"col medium-8 small-12 large-8\" >\n\t\t\t\t<div class=\"col-inner\" >\n\t\t\t\n\t\t\t\n<p><b>Postoupili jsme do krajsk\u00e9ho fin\u00e1le podnikatelsk\u00e9 sout\u011b\u017ee Firma roku 2024<\/b><br \/>\nS velkou radost\u00ed oznamujeme, \u017ee na\u0161e spole\u010dnost Memory Servis s.r.o. se probojovala do krajsk\u00e9ho fin\u00e1le presti\u017en\u00ed podnikatelsk\u00e9 sout\u011b\u017ee Firma roku 2024.<br \/>\nTento \u00fasp\u011bch je uzn\u00e1n\u00edm na\u0161eho t\u00fdmu, inovativn\u00edho p\u0159\u00edstupu a snahy poskytovat kvalitn\u00ed slu\u017eby na\u0161im klient\u016fm. Jsme r\u00e1di, \u017ee porota ocenila nejen na\u0161e Krematorium zv\u00ed\u0159at \u010cesk\u00e1 L\u00edpa, ale tak\u00e9 n\u00e1\u0161 nov\u00fd projekt Memory Pet Point.<\/p>\n<p>B\u00fdt mezi finalisty je pro n\u00e1s velkou ct\u00ed a z\u00e1rove\u0148 motivac\u00ed k dal\u0161\u00edmu rozvoji a inovac\u00edm.<\/p>\n<p><em><strong>D\u011bkujeme v\u0161em na\u0161im zam\u011bstnanc\u016fm, klient\u016fm a partner\u016fm za jejich neust\u00e1lou podporu a d\u016fv\u011bru. Bez v\u00e1s bychom tohoto \u00fasp\u011bchu nedos\u00e1hli.<\/strong> <\/em><\/p>\n<p>D\u011bkujeme za va\u0161i podporu!<\/p>\n\t\t<\/div>\n\t\t\t\t\t<\/div>\n\n\t\n<\/div>\n\t\t<\/div>\n\n\t\t\n<style>\n#section_1324526649{\n padding-top:30px;\n padding-bottom:30px;\n}\n<\/style>\n\t<\/section>\n\t\n","protected":false},"excerpt":{"rendered":"","protected":false},"author":1,"featured_media":0,"parent":0,"menu_order":0,"comment_status":"closed","ping_status":"closed","template":"page-blank.php","meta":{"footnotes":""},"_links":{"self":[{"href":"https:\/\/www.memorypetpoint.com\/en\/wp-json\/wp\/v2\/pages\/2551"}],"collection":[{"href":"https:\/\/www.memorypetpoint.com\/en\/wp-json\/wp\/v2\/pages"}],"about":[{"href":"https:\/\/www.memorypetpoint.com\/en\/wp-json\/wp\/v2\/types\/page"}],"author":[{"embeddable":true,"href":"https:\/\/www.memorypetpoint.com\/en\/wp-json\/wp\/v2\/users\/1"}],"replies":[{"embeddable":true,"href":"https:\/\/www.memorypetpoint.com\/en\/wp-json\/wp\/v2\/comments?post=2551"}],"version-history":[{"count":1,"href":"https:\/\/www.memorypetpoint.com\/en\/wp-json\/wp\/v2\/pages\/2551\/revisions"}],"predecessor-version":[{"id":2552,"href":"https:\/\/www.memorypetpoint.com\/en\/wp-json\/wp\/v2\/pages\/2551\/revisions\/2552"}],"wp:attachment":[{"href":"https:\/\/www.memorypetpoint.com\/en\/wp-json\/wp\/v2\/media?parent=2551"}],"curies":[{"name":"wp","href":"https:\/\/api.w.org\/{rel}","templated":true}]}}